{"id":1533,"date":"2021-11-12T04:17:42","date_gmt":"2021-11-12T04:17:42","guid":{"rendered":"https:\/\/dev.crarental.org\/notre-equipe\/"},"modified":"2022-02-17T01:22:39","modified_gmt":"2022-02-17T01:22:39","slug":"notre-equipe","status":"publish","type":"page","link":"https:\/\/dev.crarental.org\/fr\/notre-equipe\/","title":{"rendered":"Notre \u00e9quipe"},"content":{"rendered":"<style id=\"kb-tabs_be4d25-b2\">.kt-tabs-id_be4d25-b2 > .kt-tabs-content-wrap > .wp-block-kadence-tab {border-width:1px 0px 0px 0px;border-color:#eeeeee;background:#ffffff;}.wp-block-kadence-tabs .kt-tabs-id_be4d25-b2 > .kt-tabs-title-list li {margin:0px 8px 0px 0px;}.wp-block-kadence-tabs .kt-tabs-id_be4d25-b2 > .kt-tabs-title-list li .kt-tab-title, .wp-block-kadence-tabs .kt-tabs-id_be4d25-b2 > .kt-tabs-content-wrap > .kt-tabs-accordion-title .kt-tab-title {font-size:1.1em;line-height:1.4em;border-width:0px 0px 4px 0px ;border-radius:4px 4px 0px 0px ;padding:8px 20px 8px 20px ;border-color:#ffffff;color:#555555;background:#ffffff;}.wp-block-kadence-tabs .kt-tabs-id_be4d25-b2 > .kt-tabs-title-list li .kt-tab-title:hover, .wp-block-kadence-tabs .kt-tabs-id_be4d25-b2 > .kt-tabs-content-wrap > .kt-tabs-accordion-title .kt-tab-title:hover {border-color:#eeeeee;color:#555555;background:#ffffff;}.wp-block-kadence-tabs .kt-tabs-id_be4d25-b2 > .kt-tabs-title-list li.kt-tab-title-active .kt-tab-title, .wp-block-kadence-tabs .kt-tabs-id_be4d25-b2 > .kt-tabs-content-wrap > .kt-tabs-accordion-title.kt-tab-title-active .kt-tab-title  {border-color:#0a6689;color:#0a6689;background:#ffffff;}<\/style>\n<div class=\"wp-block-kadence-tabs alignnone\"><div class=\"kt-tabs-wrap kt-tabs-id_be4d25-b2 kt-tabs-has-2-tabs kt-active-tab-1 kt-tabs-layout-tabs kt-tabs-tablet-layout-inherit kt-tabs-mobile-layout-inherit kt-tab-alignment-center \" style=\"max-width:none\"><ul class=\"kt-tabs-title-list\"><li id=\"tab-staff\" class=\"kt-title-item kt-title-item-1 kt-tabs-svg-show-always kt-tabs-icon-side-right kt-tab-title-active\"><a href=\"#tab-staff\" data-tab=\"1\" class=\"kt-tab-title kt-tab-title-1 \"><span class=\"kt-title-text\">Personnel<\/span><\/a><\/li><li id=\"tab-boardofdirectors\" class=\"kt-title-item kt-title-item-2 kt-tabs-svg-show-always kt-tabs-icon-side-right kt-tab-title-inactive\"><a href=\"#tab-boardofdirectors\" data-tab=\"2\" class=\"kt-tab-title kt-tab-title-2 \"><span class=\"kt-title-text\">Membres du conseil d\u2019administration<\/span><\/a><\/li><\/ul><div class=\"kt-tabs-content-wrap\">\n<div class=\"wp-block-kadence-tab kt-tab-inner-content kt-inner-tab-1 kt-inner-tab_e63ed7-40\"><div class=\"kt-tab-inner-content-inner\">\n<div class=\"wp-block-group team-group is-layout-flow wp-block-group-is-layout-flow\"><div class=\"wp-block-group__inner-container\">\n<div class=\"wp-block-uagb-team uagb-team uagb-team__outer-wrap uagb-team__image-position-above uagb-team__align-center uagb-team__stack-tablet uagb-block-593cb533\"><div class=\"uagb-team__wrap\"><div class=\"uagb-team__content\"><div class=\"uagb-team__image-wrap uagb-team__image-crop-circle\"><img decoding=\"async\" class=\"\" src=\"https:\/\/dev.crarental.org\/wp-content\/uploads\/2021\/11\/DSC9375-Edit-11-150x150.jpg\" alt=\"\"\/><\/div><div class=\"uagb-team__title-wrap\"><h3 class=\"uagb-team__title\">Nathalie McGregor<\/h3><span class=\"uagb-team__prefix\">Directrice g\u00e9n\u00e9rale<\/span><\/div><div class=\"uagb-team__desc-wrap\"><p class=\"uagb-team__desc\"><strong>Canadian Rental Association<br\/><\/strong>Stoney Creek, ON<\/p><\/div><\/div><\/div><\/div>\n\n\n\n<div class=\"wp-block-uagb-team uagb-team uagb-team__outer-wrap uagb-team__image-position-above uagb-team__align-center uagb-team__stack-tablet uagb-block-03c427c7\"><div class=\"uagb-team__wrap\"><div class=\"uagb-team__content\"><div class=\"uagb-team__image-wrap uagb-team__image-crop-circle\"><img decoding=\"async\" class=\"\" src=\"https:\/\/dev.crarental.org\/wp-content\/uploads\/2021\/11\/user-person-people-1633249-150x150.png\" alt=\"user, person, people-1633249.jpg\"\/><\/div><div class=\"uagb-team__title-wrap\"><h3 class=\"uagb-team__title\">Melanie Misener<\/h3><span class=\"uagb-team__prefix\">Adjointe de direction<\/span><\/div><div class=\"uagb-team__desc-wrap\"><p class=\"uagb-team__desc\"> <strong>Canadian Rental Association<br\/><\/strong>Stoney Creek, ON <\/p><\/div><\/div><\/div><\/div>\n\n\n\n<div class=\"wp-block-uagb-team uagb-team uagb-team__outer-wrap uagb-team__image-position-above uagb-team__align-center uagb-team__stack-tablet uagb-block-bd30a9ba\"><div class=\"uagb-team__wrap\"><div class=\"uagb-team__content\"><div class=\"uagb-team__image-wrap uagb-team__image-crop-circle\"><img decoding=\"async\" class=\"\" src=\"https:\/\/dev.crarental.org\/wp-content\/uploads\/2021\/11\/user-person-people-1633249-150x150.png\" alt=\"user, person, people-1633249.jpg\"\/><\/div><div class=\"uagb-team__title-wrap\"><h3 class=\"uagb-team__title\">Casey Arsenault<\/h3><span class=\"uagb-team__prefix\">services d\u2019abonnement et administration Coordinatrice<\/span><\/div><div class=\"uagb-team__desc-wrap\"><p class=\"uagb-team__desc\"><strong>Canadian Rental Association<br\/><\/strong>Stoney Creek, ON<\/p><\/div><\/div><\/div><\/div>\n<\/div><\/div>\n<\/div><\/div>\n\n\n\n<div class=\"wp-block-kadence-tab kt-tab-inner-content kt-inner-tab-2 kt-inner-tab_9a068c-64\"><div class=\"kt-tab-inner-content-inner\">\n<div class=\"wp-block-group alignfull has-ast-global-color-6-background-color has-background is-layout-flow wp-block-group-is-layout-flow\"><div class=\"wp-block-group__inner-container\">\n<h2 class=\"has-text-align-center wp-block-heading\" id=\"officers\">Dirigeants et dirigeantes<\/h2>\n\n\n\n<div class=\"wp-block-group team-group is-layout-flow wp-block-group-is-layout-flow\"><div class=\"wp-block-group__inner-container\">\n<div class=\"wp-block-uagb-team uagb-team uagb-team__outer-wrap uagb-team__image-position-above uagb-team__align-center uagb-team__stack-tablet uagb-block-7c9ece46\"><div class=\"uagb-team__wrap\"><div class=\"uagb-team__content\"><div class=\"uagb-team__image-wrap uagb-team__image-crop-circle\"><img decoding=\"async\" class=\"\" src=\"https:\/\/dev.crarental.org\/wp-content\/uploads\/2021\/11\/Colin-21-150x150.jpg\" alt=\"\"\/><\/div><div class=\"uagb-team__title-wrap\"><h3 class=\"uagb-team__title\">Colin Wilson<\/h3><span class=\"uagb-team__prefix\">Pr\u00e9sident du conseil<\/span><\/div><div class=\"uagb-team__desc-wrap\"><p class=\"uagb-team__desc\"><strong>A World of Rentals<br\/><\/strong>Kingston, ON<\/p><\/div><\/div><\/div><\/div>\n\n\n\n<div class=\"wp-block-uagb-team uagb-team uagb-team__outer-wrap uagb-team__image-position-above uagb-team__align-center uagb-team__stack-tablet uagb-block-c11b081a\"><div class=\"uagb-team__wrap\"><div class=\"uagb-team__content\"><div class=\"uagb-team__image-wrap uagb-team__image-crop-circle\"><img decoding=\"async\" class=\"\" src=\"https:\/\/dev.crarental.org\/wp-content\/uploads\/2021\/11\/ONLINE_Brightman_Crosby_Nancy_8752-600x6001-1-150x150.jpg\" alt=\"\"\/><\/div><div class=\"uagb-team__title-wrap\"><h3 class=\"uagb-team__title\">Nancy Crosby<\/h3><span class=\"uagb-team__prefix\">Pr\u00e9sidente de l\u2019Association<\/span><\/div><div class=\"uagb-team__desc-wrap\"><p class=\"uagb-team__desc\"><strong>Classic Rentals Ltd<br\/><\/strong>Truro, NS<\/p><\/div><\/div><\/div><\/div>\n\n\n\n<div class=\"wp-block-uagb-team uagb-team uagb-team__outer-wrap uagb-team__image-position-above uagb-team__align-center uagb-team__stack-tablet uagb-block-bb691d6a\"><div class=\"uagb-team__wrap\"><div class=\"uagb-team__content\"><div class=\"uagb-team__image-wrap uagb-team__image-crop-circle\"><img decoding=\"async\" class=\"\" src=\"https:\/\/dev.crarental.org\/wp-content\/uploads\/2021\/11\/Sheldon-Fingler-11-e1636691793420-150x150.jpg\" alt=\"\"\/><\/div><div class=\"uagb-team__title-wrap\"><h3 class=\"uagb-team__title\">Sheldon Fingler<\/h3><span class=\"uagb-team__prefix\">Vice-pr\u00e9sident<\/span><\/div><div class=\"uagb-team__desc-wrap\"><p class=\"uagb-team__desc\"><strong>Infinite Event Services<br\/><\/strong>Edmonton, AB<\/p><\/div><\/div><\/div><\/div>\n<\/div><\/div>\n<\/div><\/div>\n\n\n\n<div class=\"wp-block-group alignfull has-ast-global-color-4-background-color has-background is-layout-flow wp-block-group-is-layout-flow\"><div class=\"wp-block-group__inner-container\">\n<h2 class=\"has-text-align-center wp-block-heading\" id=\"directors\">Directeurs r\u00e9gionaux, directrices r\u00e9gionales<\/h2>\n\n\n\n<div class=\"wp-block-group team-group is-layout-flow wp-block-group-is-layout-flow\"><div class=\"wp-block-group__inner-container\">\n<div class=\"wp-block-uagb-team uagb-team uagb-team__outer-wrap uagb-team__image-position-above uagb-team__align-center uagb-team__stack-tablet uagb-block-1d6968f5\"><div class=\"uagb-team__wrap\"><div class=\"uagb-team__content\"><div class=\"uagb-team__image-wrap uagb-team__image-crop-circle\"><img decoding=\"async\" class=\"\" src=\"https:\/\/dev.crarental.org\/wp-content\/uploads\/2021\/11\/headshot-ba-2021-600x7991-1-150x150.jpg\" alt=\"\"\/><\/div><div class=\"uagb-team__title-wrap\"><h3 class=\"uagb-team__title\">Brett Armstrong<\/h3><span class=\"uagb-team__prefix\">Directeur, C-B<\/span><\/div><div class=\"uagb-team__desc-wrap\"><p class=\"uagb-team__desc\"><strong>Double R Rentals<br\/><\/strong>Delta C-B<\/p><\/div><\/div><\/div><\/div>\n\n\n\n<div class=\"wp-block-uagb-team uagb-team uagb-team__outer-wrap uagb-team__image-position-above uagb-team__align-center uagb-team__stack-tablet uagb-block-f257db77\"><div class=\"uagb-team__wrap\"><div class=\"uagb-team__content\"><div class=\"uagb-team__image-wrap uagb-team__image-crop-circle\"><img decoding=\"async\" class=\"\" src=\"https:\/\/dev.crarental.org\/wp-content\/uploads\/2021\/11\/IMG_3429-11-150x150.jpg\" alt=\"\"\/><\/div><div class=\"uagb-team__title-wrap\"><h3 class=\"uagb-team__title\">Warren Carriere<\/h3><span class=\"uagb-team__prefix\">Directeur, Prairies<\/span><\/div><div class=\"uagb-team__desc-wrap\"><p class=\"uagb-team__desc\"><strong>Alberta Construction Rentals<br\/><\/strong>Calgary, AB<\/p><\/div><\/div><\/div><\/div>\n\n\n\n<div class=\"wp-block-uagb-team uagb-team uagb-team__outer-wrap uagb-team__image-position-above uagb-team__align-center uagb-team__stack-tablet uagb-block-2f182fce\"><div class=\"uagb-team__wrap\"><div class=\"uagb-team__content\"><div class=\"uagb-team__image-wrap uagb-team__image-crop-circle\"><img decoding=\"async\" class=\"\" src=\"https:\/\/dev.crarental.org\/wp-content\/uploads\/2021\/11\/Kim-Rixon-11-e1636778283424-150x150.jpg\" alt=\"\"\/><\/div><div class=\"uagb-team__title-wrap\"><h3 class=\"uagb-team__title\">Kim Rixon<\/h3><span class=\"uagb-team__prefix\">Directrice, Ontario<\/span><\/div><div class=\"uagb-team__desc-wrap\"><p class=\"uagb-team__desc\"><strong>Muskoka Party Rentals<br\/><\/strong>Bracebridge, ON<\/p><\/div><\/div><\/div><\/div>\n\n\n\n<div class=\"wp-block-uagb-team uagb-team uagb-team__outer-wrap uagb-team__image-position-above uagb-team__align-center uagb-team__stack-tablet uagb-block-df446c90\"><div class=\"uagb-team__wrap\"><div class=\"uagb-team__content\"><div class=\"uagb-team__image-wrap uagb-team__image-crop-circle\"><img decoding=\"async\" class=\"\" src=\"https:\/\/dev.crarental.org\/wp-content\/uploads\/2021\/11\/Christine-Tremblay-600x8001-1-150x150.jpeg\" alt=\"\"\/><\/div><div class=\"uagb-team__title-wrap\"><h3 class=\"uagb-team__title\">Pierre-Shawn Turcotte<\/h3><span class=\"uagb-team__prefix\">Directeur, Qu\u00e9bec<\/span><\/div><div class=\"uagb-team__desc-wrap\"><p class=\"uagb-team__desc\"><strong>Atelier de Location Turbo<br\/><\/strong>Montreal, QC<\/p><\/div><\/div><\/div><\/div>\n\n\n\n<div class=\"wp-block-uagb-team uagb-team uagb-team__outer-wrap uagb-team__image-position-above uagb-team__align-center uagb-team__stack-tablet uagb-block-9fc84cc2\"><div class=\"uagb-team__wrap\"><div class=\"uagb-team__content\"><div class=\"uagb-team__image-wrap uagb-team__image-crop-circle\"><img decoding=\"async\" class=\"\" src=\"https:\/\/dev.crarental.org\/wp-content\/uploads\/2021\/11\/Peter-Kinney-600x4001-1-e1636692323334-150x150.png\" alt=\"\"\/><\/div><div class=\"uagb-team__title-wrap\"><h3 class=\"uagb-team__title\">Peter Kinney<\/h3><span class=\"uagb-team__prefix\">Directeur, Atlantique<\/span><\/div><div class=\"uagb-team__desc-wrap\"><p class=\"uagb-team__desc\"><strong>Kent Mobile Shelters<br\/><\/strong>Bouctouche, NB<\/p><\/div><\/div><\/div><\/div>\n\n\n\n<div class=\"wp-block-uagb-team uagb-team uagb-team__outer-wrap uagb-team__image-position-above uagb-team__align-center uagb-team__stack-tablet uagb-block-940a8bec\"><div class=\"uagb-team__wrap\"><div class=\"uagb-team__content\"><div class=\"uagb-team__image-wrap uagb-team__image-crop-circle\"><img decoding=\"async\" class=\"\" src=\"https:\/\/dev.crarental.org\/wp-content\/uploads\/2021\/11\/Benoit-Leroux-600x8001-1-e1636778775453-150x150.jpg\" alt=\"\"\/><\/div><div class=\"uagb-team__title-wrap\"><h3 class=\"uagb-team__title\">Benoit Leroux<\/h3><span class=\"uagb-team__prefix\">Directeur associ\u00e9<\/span><\/div><div class=\"uagb-team__desc-wrap\"><p class=\"uagb-team__desc\"><strong>Rentquip Canada<\/strong><\/p><\/div><\/div><\/div><\/div>\n\n\n\n<div class=\"wp-block-uagb-team uagb-team uagb-team__outer-wrap uagb-team__image-position-above uagb-team__align-center uagb-team__stack-tablet uagb-block-049772c1\"><div class=\"uagb-team__wrap\"><div class=\"uagb-team__content\"><div class=\"uagb-team__image-wrap uagb-team__image-crop-circle\"><img decoding=\"async\" class=\"\" src=\"https:\/\/dev.crarental.org\/wp-content\/uploads\/2021\/11\/Steve-Podolski-BOD-600x6001-1-e1636778661535-150x150.jpg\" alt=\"\"\/><\/div><div class=\"uagb-team__title-wrap\"><h3 class=\"uagb-team__title\">Steve Podolski<\/h3><span class=\"uagb-team__prefix\">Directeur associ\u00e9<\/span><\/div><div class=\"uagb-team__desc-wrap\"><p class=\"uagb-team__desc\"><strong>ShockerPASS &#8211; Headwind Solutions<br\/><\/strong>Camrose, AB<\/p><\/div><\/div><\/div><\/div>\n\n\n\n<div class=\"wp-block-uagb-team uagb-team uagb-team__outer-wrap uagb-team__image-position-above uagb-team__align-center uagb-team__stack-tablet uagb-block-70cde195\"><div class=\"uagb-team__wrap\"><div class=\"uagb-team__content\"><div class=\"uagb-team__image-wrap uagb-team__image-crop-circle\"><img decoding=\"async\" class=\"\" src=\"https:\/\/dev.crarental.org\/wp-content\/uploads\/2021\/11\/Drew-Woytko-photo-600x4291-1-e1636778879229-150x150.jpg\" alt=\"\"\/><\/div><div class=\"uagb-team__title-wrap\"><h3 class=\"uagb-team__title\">Drew Woytko<\/h3><span class=\"uagb-team__prefix\">Directeur, regime d\u2019assurance de l\u2019ACL<\/span><\/div><div class=\"uagb-team__desc-wrap\"><p class=\"uagb-team__desc\"><strong>Western Financial Group Insurance Solutions<br\/><\/strong>Winnipeg, MB<\/p><\/div><\/div><\/div><\/div>\n\n\n\n<div class=\"wp-block-uagb-team uagb-team uagb-team__outer-wrap uagb-team__image-position-above uagb-team__align-center uagb-team__stack-tablet uagb-block-8523cb3b\"><div class=\"uagb-team__wrap\"><div class=\"uagb-team__content\"><div class=\"uagb-team__image-wrap uagb-team__image-crop-circle\"><img decoding=\"async\" class=\"\" src=\"https:\/\/dev.crarental.org\/wp-content\/uploads\/2021\/11\/Head-Shot-600x9571-1-e1636779192581-150x150.jpg\" alt=\"\"\/><\/div><div class=\"uagb-team__title-wrap\"><h3 class=\"uagb-team__title\">Isaac Rudik<\/h3><span class=\"uagb-team__prefix\">Pr\u00e9sident GIC, s\u00e9curit\u00e9<\/span><\/div><div class=\"uagb-team__desc-wrap\"><p class=\"uagb-team__desc\"><strong>Herc Rentals<br\/><\/strong>Etobicoke, ON<\/p><\/div><\/div><\/div><\/div>\n\n\n\n<div class=\"wp-block-uagb-team uagb-team uagb-team__outer-wrap uagb-team__image-position-above uagb-team__align-center uagb-team__stack-tablet uagb-block-662b4795\"><div class=\"uagb-team__wrap\"><div class=\"uagb-team__content\"><div class=\"uagb-team__image-wrap uagb-team__image-crop-circle\"><img decoding=\"async\" class=\"\" src=\"https:\/\/dev.crarental.org\/wp-content\/uploads\/2021\/11\/Jim-Scheibelhofer-600x9941-1-e1636779300417-150x150.jpg\" alt=\"\"\/><\/div><div class=\"uagb-team__title-wrap\"><h3 class=\"uagb-team__title\">Jim Scheibelhofer<\/h3><span class=\"uagb-team__prefix\">Pr\u00e9sident GIC, construction<\/span><\/div><div class=\"uagb-team__desc-wrap\"><p class=\"uagb-team__desc\"><strong>Cooper Equipment Rentals<br\/><\/strong>Edmonton, AB<\/p><\/div><\/div><\/div><\/div>\n\n\n\n<div class=\"wp-block-uagb-team uagb-team uagb-team__outer-wrap uagb-team__image-position-above uagb-team__align-center uagb-team__stack-tablet uagb-block-64bb5073\"><div class=\"uagb-team__wrap\"><div class=\"uagb-team__content\"><div class=\"uagb-team__image-wrap uagb-team__image-crop-circle\"><img decoding=\"async\" class=\"\" src=\"https:\/\/dev.crarental.org\/wp-content\/uploads\/2021\/11\/Me-todd-headshot-1-e1636779464926-150x150.png\" alt=\"\"\/><\/div><div class=\"uagb-team__title-wrap\"><h3 class=\"uagb-team__title\">Todd Shields<\/h3><span class=\"uagb-team__prefix\">Pr\u00e9sident GIC, \u00e9v\u00e9nements et tentes<\/span><\/div><div class=\"uagb-team__desc-wrap\"><p class=\"uagb-team__desc\"><strong>Party Rental Depot<br\/><\/strong>Calgary, AB<\/p><\/div><\/div><\/div><\/div>\n\n\n\n<div class=\"wp-block-uagb-team uagb-team uagb-team__outer-wrap uagb-team__image-position-above uagb-team__align-center uagb-team__stack-tablet uagb-block-1c3de2bf\"><div class=\"uagb-team__wrap\"><div class=\"uagb-team__content\"><div class=\"uagb-team__image-wrap uagb-team__image-crop-circle\"><img decoding=\"async\" class=\"\" src=\"https:\/\/dev.crarental.org\/wp-content\/uploads\/2021\/11\/Mike-Maltby-11-e1636779381128-150x150.jpg\" alt=\"\"\/><\/div><div class=\"uagb-team__title-wrap\"><h3 class=\"uagb-team__title\">Mike Maltby<\/h3><span class=\"uagb-team__prefix\">Pr\u00e9sident GIC, affaires gouvernementale<\/span><\/div><div class=\"uagb-team__desc-wrap\"><p class=\"uagb-team__desc\"><strong>Ingersoll Rent-All<br\/><\/strong>Ingersoll, ON<\/p><\/div><\/div><\/div><\/div>\n<\/div><\/div>\n<\/div><\/div>\n<\/div><\/div>\n<\/div><\/div><\/div>\n","protected":false},"excerpt":{"rendered":"","protected":false},"author":1,"featured_media":1440,"parent":0,"menu_order":0,"comment_status":"closed","ping_status":"closed","template":"","meta":{"_uag_custom_page_level_css":"","site-sidebar-layout":"default","site-content-layout":"plain-container","ast-main-header-display":"","ast-hfb-above-header-display":"","ast-hfb-below-header-display":"","ast-hfb-mobile-header-display":"","site-post-title":"","ast-breadcrumbs-content":"","ast-featured-img":"","footer-sml-layout":"","theme-transparent-header-meta":"enabled","adv-header-id-meta":"","stick-header-meta":"","header-above-stick-meta":"","header-main-stick-meta":"","header-below-stick-meta":"","footnotes":"","_links_to":"","_links_to_target":""},"class_list":["post-1533","page","type-page","status-publish","has-post-thumbnail","hentry"],"uagb_featured_image_src":{"full":["https:\/\/dev.crarental.org\/wp-content\/uploads\/2021\/11\/people-group-friends-2569234-e1638498888405.jpg",1280,486,false],"thumbnail":["https:\/\/dev.crarental.org\/wp-content\/uploads\/2021\/11\/people-group-friends-2569234-e1638498888405-150x150.jpg",150,150,true],"medium":["https:\/\/dev.crarental.org\/wp-content\/uploads\/2021\/11\/people-group-friends-2569234-e1638498888405-300x114.jpg",300,114,true],"medium_large":["https:\/\/dev.crarental.org\/wp-content\/uploads\/2021\/11\/people-group-friends-2569234-e1638498888405-768x292.jpg",768,292,true],"large":["https:\/\/dev.crarental.org\/wp-content\/uploads\/2021\/11\/people-group-friends-2569234-e1638498888405-1024x389.jpg",1024,389,true],"1536x1536":["https:\/\/dev.crarental.org\/wp-content\/uploads\/2021\/11\/people-group-friends-2569234-e1638498888405.jpg",1280,486,false],"2048x2048":["https:\/\/dev.crarental.org\/wp-content\/uploads\/2021\/11\/people-group-friends-2569234-e1638498888405.jpg",1280,486,false]},"uagb_author_info":{"display_name":"Mike Maltby","author_link":"https:\/\/dev.crarental.org\/fr\/author\/cra_7lw0yw\/"},"uagb_comment_info":0,"uagb_excerpt":null,"_links":{"self":[{"href":"https:\/\/dev.crarental.org\/fr\/wp-json\/wp\/v2\/pages\/1533","targetHints":{"allow":["GET"]}}],"collection":[{"href":"https:\/\/dev.crarental.org\/fr\/wp-json\/wp\/v2\/pages"}],"about":[{"href":"https:\/\/dev.crarental.org\/fr\/wp-json\/wp\/v2\/types\/page"}],"author":[{"embeddable":true,"href":"https:\/\/dev.crarental.org\/fr\/wp-json\/wp\/v2\/users\/1"}],"replies":[{"embeddable":true,"href":"https:\/\/dev.crarental.org\/fr\/wp-json\/wp\/v2\/comments?post=1533"}],"version-history":[{"count":1,"href":"https:\/\/dev.crarental.org\/fr\/wp-json\/wp\/v2\/pages\/1533\/revisions"}],"predecessor-version":[{"id":1534,"href":"https:\/\/dev.crarental.org\/fr\/wp-json\/wp\/v2\/pages\/1533\/revisions\/1534"}],"wp:featuredmedia":[{"embeddable":true,"href":"https:\/\/dev.crarental.org\/fr\/wp-json\/wp\/v2\/media\/1440"}],"wp:attachment":[{"href":"https:\/\/dev.crarental.org\/fr\/wp-json\/wp\/v2\/media?parent=1533"}],"curies":[{"name":"wp","href":"https:\/\/api.w.org\/{rel}","templated":true}]}}