{"id":1527,"date":"2020-09-15T06:48:15","date_gmt":"2020-09-15T06:48:15","guid":{"rendered":"https:\/\/dev.crarental.org\/home\/"},"modified":"2022-02-17T00:49:53","modified_gmt":"2022-02-17T00:49:53","slug":"home","status":"publish","type":"page","link":"https:\/\/dev.crarental.org\/fr\/","title":{"rendered":"Home"},"content":{"rendered":"\n<div class=\"wp-block-cover alignfull\" style=\"min-height:750px;aspect-ratio:unset;\"><span aria-hidden=\"true\" class=\"has-ast-global-color-5-background-color wp-block-cover__gradient-background has-background-dim\"><\/span><img loading=\"lazy\" decoding=\"async\" width=\"624\" height=\"353\" class=\"wp-block-cover__image-background wp-image-1485\" alt=\"\" src=\"https:\/\/dev.crarental.org\/wp-content\/uploads\/2022\/01\/COLLAGE.png\" data-object-fit=\"cover\" srcset=\"https:\/\/dev.crarental.org\/wp-content\/uploads\/2022\/01\/COLLAGE.png 624w, https:\/\/dev.crarental.org\/wp-content\/uploads\/2022\/01\/COLLAGE-300x170.png 300w\" sizes=\"auto, (max-width: 624px) 100vw, 624px\" \/><div class=\"wp-block-cover__inner-container is-layout-flow wp-block-cover-is-layout-flow\">\n<h3 class=\"has-text-align-center has-white-color has-text-color wp-block-heading\" id=\"we-are-the-voice-of-the-canadian-event-and-equipment-rental-industry\">Nous sommes le porte-parole de l\u2019industrie canadienne de l\u2019\u00e9v\u00e9nement et de la location de mat\u00e9riel.<\/h3>\n\n\n\n<hr class=\"wp-block-separator aligncenter\"\/>\n\n\n\n<h1 class=\"has-text-align-center has-white-color has-text-color wp-block-heading\" id=\"your-industry-your-voice\">Votre industrie, votre voix<\/h1>\n\n\n\n<div class=\"wp-block-buttons is-horizontal is-content-justification-center is-layout-flex wp-container-core-buttons-is-layout-499968f5 wp-block-buttons-is-layout-flex\">\n<div class=\"wp-block-button\"><a class=\"wp-block-button__link\" href=\"https:\/\/dev.crarental.org\/about\/\">Pour en savoir davantage<\/a><\/div>\n<\/div>\n<\/div><\/div>\n\n<div class=\"wp-block-group alignfull has-ast-global-color-6-background-color has-background is-layout-flow wp-block-group-is-layout-flow\"><div class=\"wp-block-group__inner-container\">\n<p class=\"has-text-align-center\">L\u2019Association canadienne de location est l\u2019association professionnelle de l\u2019industrie canadienne de l\u2019\u00e9v\u00e9nement et de la location de mat\u00e9riel. L\u2019ACL subvient aux besoins de ses membres par des services d\u2019assurance et de repr\u00e9sentation, du mat\u00e9riel \u00e9ducatif, des s\u00e9ances de formation, des pr\u00e9visions \u00e9conomiques, des ressources en mati\u00e8re de s\u00e9curit\u00e9 et par une foule de renseignements pertinents et sp\u00e9cifiques au secteur de la location.<\/p>\n<\/div><\/div>\n\n<div class=\"wp-block-group alignfull has-white-background-color has-background is-layout-flow wp-block-group-is-layout-flow\"><div class=\"wp-block-group__inner-container\">\n<h2 class=\"has-text-align-center wp-block-heading\" id=\"upcoming-events\">\u00c9v\u00e9nements \u00e0 venir<\/h2>\n\n\n\n<script type=\"text\/javascript\" src=\"https:\/\/ajax.googleapis.com\/ajax\/libs\/jquery\/1.12.2\/jquery.min.js\"><\/script><script type=\"text\/javascript\" src=\"https:\/\/memberservices.membee.com\/feeds\/FeedsJS.ashx\"><\/script><div id=\"Event\"><\/div><script type=\"text\/javascript\">$(document).ready(function () { MembeeFeed.LoadFeed($('div#Event'),'ClientID=1618&wid=701'); });<\/script>\n<\/div><\/div>\n\n<div class=\"wp-block-cover alignfull is-light has-parallax\" style=\"background-image:url(https:\/\/dev.crarental.org\/wp-content\/uploads\/2022\/01\/About-us2-scaled.jpg);min-height:600px;aspect-ratio:unset;\"><span aria-hidden=\"true\" class=\"has-ast-global-color-5-background-color wp-block-cover__gradient-background has-background-dim\"><\/span><div class=\"wp-block-cover__inner-container is-layout-flow wp-block-cover-is-layout-flow\">\n<div class=\"wp-block-columns alignwide are-vertically-aligned-center is-layout-flex wp-container-core-columns-is-layout-9d6595d7 wp-block-columns-is-layout-flex\">\n<div class=\"wp-block-column is-vertically-aligned-center is-layout-flow wp-block-column-is-layout-flow\"><\/div>\n\n\n\n<div class=\"wp-block-column is-vertically-aligned-center is-layout-flow wp-block-column-is-layout-flow\">\n<h2 class=\"has-text-align-center has-white-color has-text-color wp-block-heading\" id=\"our-members-say-it-best\">Our members say it best!<\/h2>\n\n\n\n<hr class=\"wp-block-separator is-style-wide\"\/>\n\n\n<style id=\"kt-blocks_22879d-41\">.kt-blocks-testimonials-wrap_22879d-41 .kt-testimonial-content{color:var(--ast-global-color-7);}<\/style>\n<div class=\"wp-block-kadence-testimonials kt-testimonial-halign-center kt-testimonial-style-basic kt-testimonials-media-off kt-testimonials-icon-off kt-testimonial-columns-1 kt-t-xxl-col-1 kt-t-xl-col-1 kt-t-lg-col-1 kt-t-md-col-1 kt-t-sm-col-1 kt-t-xs-col-1 kt-blocks-testimonials-wrap_22879d-41 tns-carousel-wrap\"><div class=\"kt-blocks-carousel kt-carousel-container-dotstyle-dark kt-carousel-container-arrowstyle-whiteondark\"><div class=\"kt-blocks-carousel-init kt-carousel-arrowstyle-whiteondark kt-carousel-dotstyle-dark\" data-columns-xxl=\"1\" data-columns-xl=\"1\" data-columns-md=\"1\" data-columns-sm=\"1\" data-columns-xs=\"1\" data-columns-ss=\"1\" data-slider-anim-speed=\"400\" data-slider-scroll=\"1\" data-slider-arrows=\"true\" data-slider-dots=\"true\" data-slider-hover-pause=\"false\" data-slider-auto=\"false\" data-slider-speed=\"7000\"><div class=\"kt-blocks-testimonial-carousel-item kb-slide-item\"><div class=\"kt-testimonial-item-wrap kt-testimonial-item-0\" style=\"border-color:#eeeeee;padding-top:20px;padding-right:20px;padding-bottom:20px;padding-left:20px;max-width:500px\"><div class=\"kt-testimonial-text-wrap\"><div class=\"kt-testimonial-content-wrap\"><div class=\"kt-testimonial-content\"><em>I can\u2019t express how many perks there are to being a part of this rental association. They offer so much insight and assistance in your business to ensure you\u2019re taking the right steps to be successful. From conference meetings providing workshops of various topics, to getting the Young Professionals more involved, their support system is so great they really make it known that they have your back. They even make an appearance at your establishment to show their support! They make the time to reach out and ask various questions to ensure they\u2019re providing the best service possible to you. Being a part of the rental association brings so many ideas I\u2019m constantly inspired in my business because of them.<\/em><\/div><\/div><\/div><div class=\"kt-testimonial-meta-wrap\"><div class=\"kt-testimonial-meta-name-wrap\"><div class=\"kt-testimonial-name-wrap\"><div class=\"kt-testimonial-name\"><strong>Alexis E.<\/strong>, First Stop Rentals<\/div><\/div><div class=\"kt-testimonial-occupation-wrap\"><div class=\"kt-testimonial-occupation\"><\/div><\/div><\/div><\/div><\/div><\/div><div class=\"kt-blocks-testimonial-carousel-item kb-slide-item\"><div class=\"kt-testimonial-item-wrap kt-testimonial-item-1\" style=\"border-color:#eeeeee;padding-top:20px;padding-right:20px;padding-bottom:20px;padding-left:20px;max-width:500px\"><div class=\"kt-testimonial-text-wrap\"><div class=\"kt-testimonial-content-wrap\"><div class=\"kt-testimonial-content\"><\/div><\/div><\/div><div class=\"kt-testimonial-meta-wrap\"><div class=\"kt-testimonial-meta-name-wrap\"><div class=\"kt-testimonial-name-wrap\"><div class=\"kt-testimonial-name\"><\/div><\/div><div class=\"kt-testimonial-occupation-wrap\"><div class=\"kt-testimonial-occupation\"><\/div><\/div><\/div><\/div><\/div><\/div><div class=\"kt-blocks-testimonial-carousel-item kb-slide-item\"><div class=\"kt-testimonial-item-wrap kt-testimonial-item-2\" style=\"border-color:#eeeeee;padding-top:20px;padding-right:20px;padding-bottom:20px;padding-left:20px;max-width:500px\"><div class=\"kt-testimonial-text-wrap\"><div class=\"kt-testimonial-content-wrap\"><div class=\"kt-testimonial-content\"><\/div><\/div><\/div><div class=\"kt-testimonial-meta-wrap\"><div class=\"kt-testimonial-meta-name-wrap\"><div class=\"kt-testimonial-name-wrap\"><div class=\"kt-testimonial-name\"><\/div><\/div><div class=\"kt-testimonial-occupation-wrap\"><div class=\"kt-testimonial-occupation\"><\/div><\/div><\/div><\/div><\/div><\/div><div class=\"kt-blocks-testimonial-carousel-item kb-slide-item\"><div class=\"kt-testimonial-item-wrap kt-testimonial-item-3\" style=\"border-color:#eeeeee;padding-top:20px;padding-right:20px;padding-bottom:20px;padding-left:20px;max-width:500px\"><div class=\"kt-testimonial-text-wrap\"><div class=\"kt-testimonial-content-wrap\"><div class=\"kt-testimonial-content\"><\/div><\/div><\/div><div class=\"kt-testimonial-meta-wrap\"><div class=\"kt-testimonial-meta-name-wrap\"><div class=\"kt-testimonial-name-wrap\"><div class=\"kt-testimonial-name\"><\/div><\/div><div class=\"kt-testimonial-occupation-wrap\"><div class=\"kt-testimonial-occupation\"><\/div><\/div><\/div><\/div><\/div><\/div><div class=\"kt-blocks-testimonial-carousel-item kb-slide-item\"><div class=\"kt-testimonial-item-wrap kt-testimonial-item-4\" style=\"border-color:#eeeeee;padding-top:20px;padding-right:20px;padding-bottom:20px;padding-left:20px;max-width:500px\"><div class=\"kt-testimonial-text-wrap\"><div class=\"kt-testimonial-content-wrap\"><div class=\"kt-testimonial-content\"><\/div><\/div><\/div><div class=\"kt-testimonial-meta-wrap\"><div class=\"kt-testimonial-meta-name-wrap\"><div class=\"kt-testimonial-name-wrap\"><div class=\"kt-testimonial-name\"><\/div><\/div><div class=\"kt-testimonial-occupation-wrap\"><div class=\"kt-testimonial-occupation\"><\/div><\/div><\/div><\/div><\/div><\/div><div class=\"kt-blocks-testimonial-carousel-item kb-slide-item\"><div class=\"kt-testimonial-item-wrap kt-testimonial-item-5\" style=\"border-color:#eeeeee;padding-top:20px;padding-right:20px;padding-bottom:20px;padding-left:20px;max-width:500px\"><div class=\"kt-testimonial-text-wrap\"><div class=\"kt-testimonial-content-wrap\"><div class=\"kt-testimonial-content\"><\/div><\/div><\/div><div class=\"kt-testimonial-meta-wrap\"><div class=\"kt-testimonial-meta-name-wrap\"><div class=\"kt-testimonial-name-wrap\"><div class=\"kt-testimonial-name\"><\/div><\/div><div class=\"kt-testimonial-occupation-wrap\"><div class=\"kt-testimonial-occupation\"><\/div><\/div><\/div><\/div><\/div><\/div><div class=\"kt-blocks-testimonial-carousel-item kb-slide-item\"><div class=\"kt-testimonial-item-wrap kt-testimonial-item-6\" style=\"border-color:#eeeeee;padding-top:20px;padding-right:20px;padding-bottom:20px;padding-left:20px;max-width:500px\"><div class=\"kt-testimonial-text-wrap\"><div class=\"kt-testimonial-content-wrap\"><div class=\"kt-testimonial-content\"><\/div><\/div><\/div><div class=\"kt-testimonial-meta-wrap\"><div class=\"kt-testimonial-meta-name-wrap\"><div class=\"kt-testimonial-name-wrap\"><div class=\"kt-testimonial-name\"><\/div><\/div><div class=\"kt-testimonial-occupation-wrap\"><div class=\"kt-testimonial-occupation\"><\/div><\/div><\/div><\/div><\/div><\/div><\/div><\/div><\/div>\n<\/div>\n<\/div>\n<\/div><\/div>\n","protected":false},"excerpt":{"rendered":"<p>L\u2019Association canadienne de location est l\u2019association professionnelle de l\u2019industrie canadienne de l\u2019\u00e9v\u00e9nement et de la location de mat\u00e9riel. L\u2019ACL subvient aux besoins de ses membres par des services d\u2019assurance et de repr\u00e9sentation, du mat\u00e9riel \u00e9ducatif, des s\u00e9ances de formation, des pr\u00e9visions \u00e9conomiques, des ressources en mati\u00e8re de s\u00e9curit\u00e9 et par une foule de renseignements pertinents &hellip;<\/p>\n<p class=\"read-more\"> <a class=\"\" href=\"https:\/\/dev.crarental.org\/fr\/\"> <span class=\"screen-reader-text\">Home<\/span> Lire la suite\u00a0\u00bb<\/a><\/p>\n","protected":false},"author":1,"featured_media":0,"parent":0,"menu_order":0,"comment_status":"closed","ping_status":"closed","template":"","meta":{"_uag_custom_page_level_css":"","site-sidebar-layout":"no-sidebar","site-content-layout":"plain-container","ast-main-header-display":"","ast-hfb-above-header-display":"","ast-hfb-below-header-display":"","ast-hfb-mobile-header-display":"","site-post-title":"disabled","ast-breadcrumbs-content":"","ast-featured-img":"","footer-sml-layout":"","theme-transparent-header-meta":"enabled","adv-header-id-meta":"","stick-header-meta":"","header-above-stick-meta":"","header-main-stick-meta":"","header-below-stick-meta":"","footnotes":"","_links_to":"","_links_to_target":""},"class_list":["post-1527","page","type-page","status-publish","hentry"],"uagb_featured_image_src":{"full":false,"thumbnail":false,"medium":false,"medium_large":false,"large":false,"1536x1536":false,"2048x2048":false},"uagb_author_info":{"display_name":"Mike Maltby","author_link":"https:\/\/dev.crarental.org\/fr\/author\/cra_7lw0yw\/"},"uagb_comment_info":0,"uagb_excerpt":"L\u2019Association canadienne de location est l\u2019association professionnelle de l\u2019industrie canadienne de l\u2019\u00e9v\u00e9nement et de la location de mat\u00e9riel. L\u2019ACL subvient aux besoins de ses membres par des services d\u2019assurance et de repr\u00e9sentation, du mat\u00e9riel \u00e9ducatif, des s\u00e9ances de formation, des pr\u00e9visions \u00e9conomiques, des ressources en mati\u00e8re de s\u00e9curit\u00e9 et par une foule de renseignements pertinents\u2026","_links":{"self":[{"href":"https:\/\/dev.crarental.org\/fr\/wp-json\/wp\/v2\/pages\/1527","targetHints":{"allow":["GET"]}}],"collection":[{"href":"https:\/\/dev.crarental.org\/fr\/wp-json\/wp\/v2\/pages"}],"about":[{"href":"https:\/\/dev.crarental.org\/fr\/wp-json\/wp\/v2\/types\/page"}],"author":[{"embeddable":true,"href":"https:\/\/dev.crarental.org\/fr\/wp-json\/wp\/v2\/users\/1"}],"replies":[{"embeddable":true,"href":"https:\/\/dev.crarental.org\/fr\/wp-json\/wp\/v2\/comments?post=1527"}],"version-history":[{"count":3,"href":"https:\/\/dev.crarental.org\/fr\/wp-json\/wp\/v2\/pages\/1527\/revisions"}],"predecessor-version":[{"id":1530,"href":"https:\/\/dev.crarental.org\/fr\/wp-json\/wp\/v2\/pages\/1527\/revisions\/1530"}],"wp:attachment":[{"href":"https:\/\/dev.crarental.org\/fr\/wp-json\/wp\/v2\/media?parent=1527"}],"curies":[{"name":"wp","href":"https:\/\/api.w.org\/{rel}","templated":true}]}}